{"id":17391,"date":"2018-06-13T12:03:39","date_gmt":"2018-06-13T12:03:39","guid":{"rendered":"https:\/\/colectivosubica.com\/SPP\/?page_id=17391"},"modified":"2024-04-12T10:54:18","modified_gmt":"2024-04-12T10:54:18","slug":"seguros-por-esta-afiliado","status":"publish","type":"page","link":"https:\/\/colectivosubica.com\/SPP\/?page_id=17391","title":{"rendered":"Seguros por ser afiliado"},"content":{"rendered":"<p>[vc_row css_animation=\u00bb\u00bb row_type=\u00bbrow\u00bb use_row_as_full_screen_section=\u00bbno\u00bb type=\u00bbgrid\u00bb angled_section=\u00bbno\u00bb text_align=\u00bbleft\u00bb background_image_as_pattern=\u00bbwithout_pattern\u00bb padding_top=\u00bb50&#8243; padding_bottom=\u00bb50&#8243;][vc_column width=\u00bb1\/2&#8243;][vc_single_image image=\u00bb17402&#8243; img_size=\u00bbfull\u00bb alignment=\u00bbcenter\u00bb qode_css_animation=\u00bb\u00bb][vc_empty_space height=\u00bb22px\u00bb][vc_column_text]<\/p>\n<h5 style=\"text-align: center;\"><span style=\"color: #008f45;\">Seguro de accidentes (hasta 75 a\u00f1os) con las siguientes garant\u00edas:<\/span><\/h5>\n<p>[\/vc_column_text][vc_separator type=\u00bbnormal\u00bb][vc_empty_space height=\u00bb22px\u00bb][vc_column_text]<\/p>\n<ul>\n<li>Muerte por accidente 24 horas 18.000 Euros.<\/li>\n<li>Muerte por infarto de miocardio 6.000 Euros.<\/li>\n<li>Orfandad 12.000 Euros.<\/li>\n<li>Muerte por agresi\u00f3n 12.000 Euros.<\/li>\n<li>Gastos de sepelio por accidente en Espa\u00f1a 1.500 Euros.<\/li>\n<li>Gastos de sepelio por accidente en el extranjero 3.000 Euros.<\/li>\n<li>Asistencia en viaje Incluida.<\/li>\n<\/ul>\n<p>Para notificar cualquier siniestro, llamar a Ubica al <strong>91 758 67 99<\/strong><\/p>\n<p>En el caso de la asistencia en viaje llamar directamente a la compa\u00f1\u00eda al <strong>902 108 784<\/strong> o al <strong>+34 91 325 52 76<\/strong> desde el extranjero[\/vc_column_text][\/vc_column][vc_column width=\u00bb1\/2&#8243;][vc_single_image image=\u00bb17403&#8243; img_size=\u00bbfull\u00bb alignment=\u00bbcenter\u00bb qode_css_animation=\u00bb\u00bb][vc_empty_space height=\u00bb22px\u00bb][vc_column_text]<\/p>\n<h5 style=\"text-align: center;\"><span style=\"color: #008f45;\">Seguro de asistencia jur\u00eddica y suspensi\u00f3n de empleo y sueldo:<\/span><\/h5>\n<p>[\/vc_column_text][vc_separator type=\u00bbnormal\u00bb][vc_empty_space height=\u00bb22px\u00bb][vc_column_text]El asesoramiento consistir\u00e1 en una primera orientaci\u00f3n jur\u00eddica sobre la materia objeto de la consulta y no incluir\u00e1 revisi\u00f3n de documentaci\u00f3n:[\/vc_column_text][vc_empty_space height=\u00bb12px\u00bb][vc_column_text]El asesoramiento consistir\u00e1 en una primera orientaci\u00f3n jur\u00eddica sobre la materia objeto de la consulta y no incluir\u00e1 revisi\u00f3n de documentaci\u00f3n:<\/p>\n<ul>\n<li>Subsidio por suspensi\u00f3n temporal de empleo y sueldo m\u00e1ximo 12 meses<\/li>\n<li>Defensa penal suma asegurada por siniestro 3.000 euros \/ libre elecci\u00f3n 1.500 euros<\/li>\n<li>Reclamaci\u00f3n de da\u00f1os no contractual suma asegurada por siniestro 3.000 euros \/ Libre elecci\u00f3n 1.500 euros.<\/li>\n<li>Asesoramiento jur\u00eddico a distancia en el \u00e1mbito de la vida privada y familiar.<\/li>\n<li>Asistencia en gesti\u00f3n de documentos legales en vida privada.<\/li>\n<li>Defensa penal en la vida privada suma asegurada por siniestro 3.000 euros \/ Libre elecci\u00f3n 1.500 euros.<\/li>\n<\/ul>\n<p>El resto de garant\u00edas se gestionaran a trav\u00e9s de SPP<\/p>\n<p>[\/vc_column_text][\/vc_column][\/vc_row]<\/p>\n","protected":false},"excerpt":{"rendered":"<p>[vc_row css_animation=\u00bb\u00bb row_type=\u00bbrow\u00bb use_row_as_full_screen_section=\u00bbno\u00bb type=\u00bbgrid\u00bb angled_section=\u00bbno\u00bb text_align=\u00bbleft\u00bb background_image_as_pattern=\u00bbwithout_pattern\u00bb padding_top=\u00bb50&#8243; padding_bottom=\u00bb50&#8243;][vc_column width=\u00bb1\/2&#8243;][vc_single_image image=\u00bb17402&#8243; img_size=\u00bbfull\u00bb alignment=\u00bbcenter\u00bb qode_css_animation=\u00bb\u00bb][vc_empty_space height=\u00bb22px\u00bb][vc_column_text] Seguro de accidentes (hasta 75 a\u00f1os) con las siguientes garant\u00edas: [\/vc_column_text][vc_separator type=\u00bbnormal\u00bb][vc_empty_space height=\u00bb22px\u00bb][vc_column_text] Muerte por accidente 24 horas 18.000 Euros. Muerte por infarto de miocardio 6.000 Euros. Orfandad 12.000&#8230;<\/p>\n","protected":false},"author":1,"featured_media":0,"parent":0,"menu_order":0,"comment_status":"closed","ping_status":"closed","template":"full_width.php","meta":[],"_links":{"self":[{"href":"https:\/\/colectivosubica.com\/SPP\/index.php?rest_route=\/wp\/v2\/pages\/17391"}],"collection":[{"href":"https:\/\/colectivosubica.com\/SPP\/index.php?rest_route=\/wp\/v2\/pages"}],"about":[{"href":"https:\/\/colectivosubica.com\/SPP\/index.php?rest_route=\/wp\/v2\/types\/page"}],"author":[{"embeddable":true,"href":"https:\/\/colectivosubica.com\/SPP\/index.php?rest_route=\/wp\/v2\/users\/1"}],"replies":[{"embeddable":true,"href":"https:\/\/colectivosubica.com\/SPP\/index.php?rest_route=%2Fwp%2Fv2%2Fcomments&post=17391"}],"version-history":[{"count":10,"href":"https:\/\/colectivosubica.com\/SPP\/index.php?rest_route=\/wp\/v2\/pages\/17391\/revisions"}],"predecessor-version":[{"id":17445,"href":"https:\/\/colectivosubica.com\/SPP\/index.php?rest_route=\/wp\/v2\/pages\/17391\/revisions\/17445"}],"wp:attachment":[{"href":"https:\/\/colectivosubica.com\/SPP\/index.php?rest_route=%2Fwp%2Fv2%2Fmedia&parent=17391"}],"curies":[{"name":"wp","href":"https:\/\/api.w.org\/{rel}","templated":true}]}}