{"id":17285,"date":"2017-10-19T12:00:29","date_gmt":"2017-10-19T12:00:29","guid":{"rendered":"https:\/\/colectivosubica.com\/familiamassegura\/?page_id=17285"},"modified":"2020-01-15T12:21:02","modified_gmt":"2020-01-15T12:21:02","slug":"decesos","status":"publish","type":"page","link":"https:\/\/colectivosubica.com\/familiamassegura\/decesos\/","title":{"rendered":"Decesos"},"content":{"rendered":"<p>[vc_row css_animation=\u00bb\u00bb row_type=\u00bbrow\u00bb use_row_as_full_screen_section=\u00bbno\u00bb type=\u00bbfull_width\u00bb angled_section=\u00bbno\u00bb text_align=\u00bbleft\u00bb background_image_as_pattern=\u00bbwithout_pattern\u00bb background_color=\u00bb#4aa5ba\u00bb][vc_column][vc_row_inner row_type=\u00bbrow\u00bb type=\u00bbfull_width\u00bb text_align=\u00bbleft\u00bb css_animation=\u00bb\u00bb css=\u00bb.vc_custom_1506293977153{padding-top: 15px !important;padding-bottom: 15px !important;}\u00bb][vc_column_inner width=\u00bb1\/4&#8243;][\/vc_column_inner][vc_column_inner width=\u00bb1\/2&#8243;][vc_column_text]<\/p>\n<h1 style=\"text-align: center;\"><span style=\"color: #ffffff;\">SEGURO DE <strong>DECESOS<\/strong><\/span><\/h1>\n<p>[\/vc_column_text][\/vc_column_inner][vc_column_inner width=\u00bb1\/4&#8243;][\/vc_column_inner][\/vc_row_inner][\/vc_column][\/vc_row][vc_row css_animation=\u00bb\u00bb row_type=\u00bbrow\u00bb use_row_as_full_screen_section=\u00bbno\u00bb type=\u00bbfull_width\u00bb anchor=\u00bbCONTACTO\u00bb in_content_menu=\u00bbin_content_menu\u00bb content_menu_title=\u00bb<\/p>\n<h3>CONTACTO<\/h3>\n<p>\u00bb content_menu_icon=\u00bbfa-phone\u00bb angled_section=\u00bbno\u00bb text_align=\u00bbleft\u00bb background_image=\u00bb17303&#8243; background_image_as_pattern=\u00bbwithout_pattern\u00bb background_color=\u00bb#eaeaea\u00bb padding_top=\u00bb50&#8243; padding_bottom=\u00bb50&#8243;][vc_column][vc_row_inner row_type=\u00bbrow\u00bb type=\u00bbgrid\u00bb text_align=\u00bbleft\u00bb css_animation=\u00bb\u00bb][vc_column_inner width=\u00bb1\/2&#8243;][vc_empty_space][vc_column_text]<div data-uniq='69deeca2c9a30' class='uniq-69deeca2c9a30 formcraft-css form-live align-center'><div class='form-logic'>[]<\/div><div class=\"fc-pagination-cover fc-pagination-1\">\n\t\t\t\t\t\t<div class=\"fc-pagination\" style=\"width: 430px\">\n\t\t\t\t\t\t\t<div class=\"pagination-trigger \" data-index=\"0\">\n\t\t\t\t\t\t\t\t<span class=\"page-number\"><span >1<\/span><\/span>\n\t\t\t\t\t\t\t\t<span class=\"page-name \">Step 1<\/span>\n\t\t\t\t\t\t\t\t\n\t\t\t\t\t\t\t<\/div>\n\t\t\t\t\t\t<\/div>\n\t\t\t\t\t<\/div>\n\t\t\t\t\t\n\t\t\t\t\t<style scoped=\"scoped\" >\n\t\t\t\t\t\t.formcraft-css .fc-form.fc-form-9 .form-element .submit-cover .submit-button,\n\t\t\t\t\t\t.formcraft-css .fc-form.fc-form-9 .form-element .fileupload-cover .button-file,\n\t\t\t\t\t\t.formcraft-css .fc-form.fc-form-9 .form-element .field-cover .button,\n\t\t\t\t\t\t#ui-datepicker-div.fc-datepicker .ui-datepicker-header,\n\t\t\t\t\t\t.formcraft-css .fc-form.fc-form-9 .stripe-amount-show\n\t\t\t\t\t\t{\n\t\t\t\t\t\t\tbackground: #353535;\n\t\t\t\t\t\t\tcolor: #ffffff;\n\t\t\t\t\t\t}\n\t\t\t\t\t\t.formcraft-css .fc-form.fc-form-9 .form-element .slider-cover .ui-slider-range\n\t\t\t\t\t\t{\n\t\t\t\t\t\t\tbackground: #353535;\n\t\t\t\t\t\t}\n\t\t\t\t\t\t#ui-datepicker-div.fc-datepicker .ui-datepicker-header,\n\t\t\t\t\t\t.formcraft-css .fc-form .field-cover>div.full hr\n\t\t\t\t\t\t{\n\t\t\t\t\t\t\tborder-color: #2e2e2e;\n\t\t\t\t\t\t}\n\t\t\t\t\t\t#ui-datepicker-div.fc-datepicker .ui-datepicker-prev:hover,\n\t\t\t\t\t\t#ui-datepicker-div.fc-datepicker .ui-datepicker-next:hover,\n\t\t\t\t\t\t#ui-datepicker-div.fc-datepicker select.ui-datepicker-month:hover,\n\t\t\t\t\t\t#ui-datepicker-div.fc-datepicker select.ui-datepicker-year:hover\n\t\t\t\t\t\t{\n\t\t\t\t\t\t\tbackground-color: #2e2e2e;\n\t\t\t\t\t\t}\n\t\t\t\t\t\t.formcraft-css .fc-pagination>div.active .page-number,\n\t\t\t\t\t\t.formcraft-css .form-cover-builder .fc-pagination>div:first-child .page-number\n\t\t\t\t\t\t{\n\t\t\t\t\t\t\tbackground-color: #000000;\n\t\t\t\t\t\t\tborder-color: #000000;\n\t\t\t\t\t\t\tcolor: #ffffff;\n\t\t\t\t\t\t}\n\t\t\t\t\t\t#ui-datepicker-div.fc-datepicker table.ui-datepicker-calendar th,\n\t\t\t\t\t\t#ui-datepicker-div.fc-datepicker table.ui-datepicker-calendar td.ui-datepicker-today a,\n\t\t\t\t\t\t.formcraft-css .fc-form.fc-form-9 .form-element .star-cover label,\n\t\t\t\t\t\thtml .formcraft-css .fc-form.label-floating .form-element .field-cover.has-focus>span,\n\t\t\t\t\t\t.formcraft-css .fc-form.fc-form-9 .form-element .customText-cover a,\n\t\t\t\t\t\t.formcraft-css .fc-form .form-element .slider-cover .range-max,\n\t\t\t\t\t\t.formcraft-css .fc-form .form-element .slider-cover .range-min,\n\t\t\t\t\t\t.formcraft-css .prev-next>div span:hover\n\t\t\t\t\t\t{\n\t\t\t\t\t\t\tcolor: #353535;\n\t\t\t\t\t\t}\n\t\t\t\t\t\t.formcraft-css .fc-form.fc-form-9 .form-element .customText-cover a:hover\n\t\t\t\t\t\t{\n\t\t\t\t\t\t\tcolor: #2e2e2e;\n\t\t\t\t\t\t}\n\t\t\t\t\t\thtml .formcraft-css .fc-form.fc-form-9.label-floating .form-element .field-cover > span\n\t\t\t\t\t\t{\n\t\t\t\t\t\t\tcolor: #666666;\n\t\t\t\t\t\t}\n\t\t\t\t\t\t.formcraft-css .fc-form.fc-form-9.label-floating .form-element .field-cover input[type=\"text\"],\n\t\t\t\t\t\t.formcraft-css .fc-form.fc-form-9.label-floating .form-element .field-cover input[type=\"email\"],\n\t\t\t\t\t\t.formcraft-css .fc-form.fc-form-9.label-floating .form-element .field-cover input[type=\"password\"],\n\t\t\t\t\t\t.formcraft-css .fc-form.fc-form-9.label-floating .form-element .field-cover input[type=\"tel\"],\n\t\t\t\t\t\t.formcraft-css .fc-form.fc-form-9.label-floating .form-element .field-cover textarea,\n\t\t\t\t\t\t.formcraft-css .fc-form.fc-form-9.label-floating .form-element .field-cover select,\n\t\t\t\t\t\t.formcraft-css .fc-form.fc-form-9.label-floating .form-element .field-cover .time-fields-cover\n\t\t\t\t\t\t{\n\t\t\t\t\t\t\tborder-bottom-color: #666666;\n\t\t\t\t\t\t\tcolor: #777777;\n\t\t\t\t\t\t}\n\t\t\t\t\t\t.formcraft-css .fc-form.fc-form-9 .form-element .field-cover input[type=\"text\"],\n\t\t\t\t\t\t.formcraft-css .fc-form.fc-form-9 .form-element .field-cover input[type=\"password\"],\n\t\t\t\t\t\t.formcraft-css .fc-form.fc-form-9 .form-element .field-cover input[type=\"email\"],\n\t\t\t\t\t\t.formcraft-css .fc-form.fc-form-9 .form-element .field-cover input[type=\"tel\"],\n\t\t\t\t\t\t.formcraft-css .fc-form.fc-form-9 .form-element .field-cover select,\n\t\t\t\t\t\t.formcraft-css .fc-form.fc-form-9 .form-element .field-cover textarea\n\t\t\t\t\t\t{\n\t\t\t\t\t\t\tbackground-color: ;\n\t\t\t\t\t\t}\n\t\t\t\t\t\t.formcraft-css .fc-form.fc-form-9 .form-element .star-cover label .star\t\t\t\n\t\t\t\t\t\t{\n\t\t\t\t\t\t\ttext-shadow: 0px 1px 0px #2e2e2e;\n\t\t\t\t\t\t}\n\t\t\t\t\t\t.formcraft-css .fc-form.fc-form-9 .form-element .slider-cover .ui-slider-range\n\t\t\t\t\t\t{\n\t\t\t\t\t\t\tbox-shadow: 0px 1px 1px #2e2e2e inset;\n\t\t\t\t\t\t}\n\t\t\t\t\t\t.formcraft-css .fc-form.fc-form-9 .form-element .fileupload-cover .button-file,\n\t\t\t\t\t\t.formcraft-css .fc-form.fc-form-9 .form-element .stripe-amount-show\n\t\t\t\t\t\t{\n\t\t\t\t\t\t\tborder-color: #2e2e2e;\n\t\t\t\t\t\t}\n\t\t\t\t\t\t.formcraft-css .fc-form.fc-form-9 .stripe-cover.field-cover div.stripe-amount-show::before\n\t\t\t\t\t\t{\n\t\t\t\t\t\t\tborder-top-color: #2e2e2e;\n\t\t\t\t\t\t}\n\t\t\t\t\t\t.formcraft-css .fc-form.fc-form-9 .stripe-cover.field-cover div.stripe-amount-show::after\n\t\t\t\t\t\t{\n\t\t\t\t\t\t\tborder-right-color: #353535;\n\t\t\t\t\t\t}\n\t\t\t\t\t\t.formcraft-css .fc-form.fc-form-9 .form-element .stripe-amount-show,\n\t\t\t\t\t\t.formcraft-css .fc-form.fc-form-9 .form-element .submit-cover .submit-button .text,\n\t\t\t\t\t\t.formcraft-css .fc-form.fc-form-9 .form-element .field-cover .button\n\t\t\t\t\t\t{\n\t\t\t\t\t\t\ttext-shadow: 1px 0px 3px #2e2e2e;\n\t\t\t\t\t\t}\n\t\t\t\t\t\t.formcraft-css .fc-form.fc-form-9 input[type=\"checkbox\"]:checked,\n\t\t\t\t\t\t.formcraft-css .fc-form.fc-form-9 input[type=\"radio\"]:checked\n\t\t\t\t\t\t{\n\t\t\t\t\t\t\tborder-color: #81d742;\n\t\t\t\t\t\t\tbackground-color: #81d742;\t\t\t\t\t\t\n\t\t\t\t\t\t}\n\t\t\t\t\t\t.formcraft-css .fc-form.fc-form-9 input[type=\"checkbox\"]:hover,\n\t\t\t\t\t\t.formcraft-css .fc-form.fc-form-9 input[type=\"radio\"]:hover,\n\t\t\t\t\t\t.formcraft-css .fc-form.fc-form-9 input[type=\"checkbox\"]:focus,\n\t\t\t\t\t\t.formcraft-css .fc-form.fc-form-9 input[type=\"radio\"]:focus,\n\t\t\t\t\t\t.formcraft-css .fc-form.fc-form-9 label:hover>input[type=\"checkbox\"],\n\t\t\t\t\t\t.formcraft-css .fc-form.fc-form-9 label:hover>input[type=\"radio\"]\n\t\t\t\t\t\t{\n\t\t\t\t\t\t\tborder-color: #81d742;\n\t\t\t\t\t\t}\n\t\t\t\t\t\t.formcraft-css .fc-form.fc-form-9 .form-element .form-element-html input[type=\"password\"]:focus,\n\t\t\t\t\t\t.formcraft-css .fc-form.fc-form-9 .form-element .form-element-html input[type=\"email\"]:focus,\n\t\t\t\t\t\t.formcraft-css .fc-form.fc-form-9 .form-element .form-element-html input[type=\"tel\"]:focus,\n\t\t\t\t\t\t.formcraft-css .fc-form.fc-form-9 .form-element .form-element-html input[type=\"text\"]:focus,\n\t\t\t\t\t\t.formcraft-css .fc-form.fc-form-9 .form-element .form-element-html textarea:focus,\n\t\t\t\t\t\t.formcraft-css .fc-form.fc-form-9 .form-element .form-element-html select:focus\n\t\t\t\t\t\t{\n\t\t\t\t\t\t\tborder-color: #353535;\n\t\t\t\t\t\t}\n\t\t\t\t\t\t.formcraft-css .fc-form.fc-form-9\t\t\t\t\t\t{\n\t\t\t\t\t\t\tfont-family: inherit;\n\t\t\t\t\t\t}\n\t\t\t\t\t\t@media (max-width : 480px) {\n\t\t\t\t\t\t\thtml .dedicated-page,\n\t\t\t\t\t\t\thtml .dedicated-page .formcraft-css .fc-pagination > div.active\n\t\t\t\t\t\t\t{\n\t\t\t\t\t\t\t\tbackground: #fdfbf3;\n\t\t\t\t\t\t\t}\n\t\t\t\t\t\t}\n\t\t\t\t\t<\/style>\n\t\t\t\t\t<div class=\"form-cover\">\n\t\t\t\t\t\t<form data-thousand=\"\" data-decimal=\".\" data-delay=\"\" data-id=\"9\" class=\"fc-form fc-form-9 align- fc-temp-class spin- save-form- dont-submit-hidden- label-floating frame-visible remove-asterisk-false icons-hide-false field-alignment-left\" style=\"width: 430px; color: #666666; font-size: 120%; background: #fdfbf3\">\n\t\t\t\t\t\t\t<div class=\"form-page form-page-0\" data-index=\"0\">\n\t\t\t\t\t\t\t\t\n\t\t\t\t\t\t\t\t<div class=\"form-page-content ng-pristine   ng-isolate-scope \">\n\t\t\t\t\t\t\t\t\t<!-- ngRepeat: element in page track by element.identifier --><div data-identifier=\"field12\" data-index=\"0\" style=\"width: 100%\" class=\" form-element form-element-field12 options-false index-false form-element-0 default-false form-element-type-customText is-required-false odd -handle\">\n\t\t\t\t\t\t\t\t\t\t<div class=\"form-element-html\"><div ><div class=\"absolute-false customText-cover field-cover\" style=\"left: ; top: 10px;right: ;bottom: ;color: #4aa5ba !important; background-color:\"><div class=\"full\" style=\"text-align: left\"><h2 >SEGURO DE HOGAR, DECESOS Y ACCIDENTES EN UN SOLO SEGURO. Y PAGA MES A MES, SIN RECARGO<\/h2><p >LL\u00c1MANOS AL <b>91 758 67 99 \/&nbsp;<\/b><b>902 998 112<\/b> O SI LO PREFIERES NOSOTROS TE LLAMAMOS:<\/p><\/div><input type=\"hidden\" name=\"field12\" data-field-id=\"field12\"><\/div><\/div><\/div>\n\t\t\t\t\t\t\t\t\t\t\n\t\t\t\t\t\t\t\t\t<\/div><!-- end ngRepeat: element in page track by element.identifier --><div data-identifier=\"field15\" data-index=\"1\" style=\"width: 60%\" class=\" even form-element form-element-field15 options-false index-false form-element-1 default-false form-element-type-oneLineText is-required-true -handle\">\n\t\t\t\t\t\t\t\t\t\t<div class=\"form-element-html\"><div ><div class=\"oneLineText-cover field-cover \"><span class=\"sub-label-true\"><span class=\"main-label\"><span >Nombre<\/span><\/span><span class=\"sub-label\"><\/span><\/span><div><span class=\"error\"><\/span><input type=\"text\" placeholder=\"\" data-field-id=\"field15\" name=\"field15[]\" data-min-char=\"\" data-max-char=\"\" data-val-type=\"\" data-regexp=\"\" data-is-required=\"true\" data-allow-spaces=\"\" class=\"validation-lenient\" data-placement=\"right\" data-toggle=\"tooltip\" tooltip=\"\" data-trigger=\"focus\" data-html=\"true\" data-input-mask=\"\" data-mask-placeholder=\"\" data-original-title=\"\"><i class=\"icon-user\"><\/i><\/div><\/div><\/div><\/div>\n\t\t\t\t\t\t\t\t\t\t\n\t\t\t\t\t\t\t\t\t<\/div><!-- end ngRepeat: element in page track by element.identifier --><div data-identifier=\"field20\" data-index=\"2\" style=\"width: 40%\" class=\" form-element form-element-field20 options-false index-false form-element-2 default-false form-element-type-oneLineText is-required-true odd -handle\">\n\t\t\t\t\t\t\t\t\t\t<div class=\"form-element-html\"><div ><div class=\"oneLineText-cover field-cover \"><span class=\"sub-label-true\"><span class=\"main-label\"><span >Telf.<\/span><\/span><span class=\"sub-label\"><\/span><\/span><div><span class=\"error\"><\/span><input type=\"text\" placeholder=\"\" data-field-id=\"field20\" name=\"field20[]\" data-min-char=\"\" data-max-char=\"\" data-val-type=\"\" data-regexp=\"\" data-is-required=\"true\" data-allow-spaces=\"\" class=\"validation-lenient\" data-placement=\"right\" data-toggle=\"tooltip\" tooltip=\"\" data-trigger=\"focus\" data-html=\"true\" data-input-mask=\"\" data-mask-placeholder=\"\" data-original-title=\"\"><i class=\"icon-phone\"><\/i><\/div><\/div><\/div><\/div>\n\t\t\t\t\t\t\t\t\t\t\n\t\t\t\t\t\t\t\t\t<\/div><!-- end ngRepeat: element in page track by element.identifier --><div data-identifier=\"field27\" data-index=\"3\" style=\"width: 100%\" class=\" even form-element form-element-field27 options-false index-false form-element-3 default-false form-element-type-checkbox is-required-true -handle\">\n\t\t\t\t\t\t\t\t\t\t<div class=\"form-element-html\"><div ><div class=\"images- checkbox-cover field-cover\"><span class=\"sub-label-false\"><span class=\"main-label\"><\/span><span class=\"sub-label\"><\/span><\/span><div data-placement=\"right\" data-toggle=\"tooltip\" tooltip=\"\" data-trigger=\"hover\" data-html=\"true\" data-original-title=\"\"><span class=\"error\"><\/span><!-- ngRepeat: opt in element.elementDefaults.options_list_show --><label style=\"width:\" ><img><input data-field-id=\"field27\" type=\"radio\" data-is-required=\"true\" name=\"field27[]\" value=\"<a href=&quot;https:\/\/colectivosubica.com\/familiamassegura\/aviso-legal\/&quot; target=&quot;_blank&quot; rel=&quot;noopener&quot;>Aviso legal<\/a>\" class=\"validation-lenient\"><span><a href=\"https:\/\/colectivosubica.com\/familiamassegura\/aviso-legal\/\" target=\"_blank\" rel=\"noopener\" >Aviso legal<\/a><\/span><\/label><!-- end ngRepeat: opt in element.elementDefaults.options_list_show --><\/div><\/div><\/div><\/div>\n\t\t\t\t\t\t\t\t\t\t\n\t\t\t\t\t\t\t\t\t<\/div><!-- end ngRepeat: element in page track by element.identifier --><div data-identifier=\"field3\" data-index=\"4\" style=\"width: 100%\" class=\" form-element form-element-field3 options-false index-false form-element-4 default-false form-element-type-submit is-required-false odd -handle\">\n\t\t\t\t\t\t\t\t\t\t<div class=\"form-element-html\"><div ><div class=\"animate- align-right wide-true submit-cover field-cover\"><button type=\"submit\" class=\"button submit-button\"><span class=\"text \">QUIERO QUE ME LLAMEN<\/span><span class=\"spin-cover\"><i style=\"color:\" class=\"loading-icon icon-cog animate-spin\"><\/i><\/span><\/button><\/div><div class=\"submit-response \"><\/div><input type=\"text\" class=\"required_field \" name=\"website\"><\/div><\/div>\n\t\t\t\t\t\t\t\t\t\t\n\t\t\t\t\t\t\t\t\t<\/div><!-- end ngRepeat: element in page track by element.identifier -->\n\t\t\t\t\t\t\t\t<\/div>\n\t\t\t\t\t\t\t<\/div>\n\t\t\t\t\t\t<\/form>\n\t\t\t\t\t\t<div class=\"prev-next prev-next-1\" style=\"width: 430px; color: #666666; font-size: 120%; background: #fdfbf3\">\n\t\t\t\t\t\t\t<div><input type=\"text\" class=\"ng-pristine  \"><span class=\"inactive page-prev \"><i class=\"icon-angle-left\"><\/i>Previous<\/span><\/div>\n\t\t\t\t\t\t\t<div><input type=\"text\" class=\"ng-pristine  \"><span class=\"page-next \">Next<i class=\"icon-angle-right\"><\/i><\/span><\/div>\n\t\t\t\t\t\t<\/div>\n\t\t\t\t\t<\/div><\/div>[\/vc_column_text][vc_empty_space][\/vc_column_inner][vc_column_inner width=\u00bb1\/2&#8243;][vc_empty_space height=\u00bb30px\u00bb][vc_empty_space height=\u00bb50px\u00bb][\/vc_column_inner][\/vc_row_inner][\/vc_column][\/vc_row][vc_row row_type=\u00bbcontent_menu\u00bb background_color=\u00bb#4aa5ba\u00bb][vc_column][\/vc_column][\/vc_row][vc_row css_animation=\u00bb\u00bb row_type=\u00bbrow\u00bb use_row_as_full_screen_section=\u00bbno\u00bb type=\u00bbgrid\u00bb angled_section=\u00bbno\u00bb text_align=\u00bbleft\u00bb background_image_as_pattern=\u00bbwithout_pattern\u00bb padding_top=\u00bb50&#8243; padding_bottom=\u00bb50&#8243;][vc_column width=\u00bb1\/12&#8243;][\/vc_column][vc_column width=\u00bb10\/12&#8243;][vc_empty_space][vc_column_text]<\/p>\n<p style=\"text-align: center;\">La Federaci\u00f3n Espa\u00f1ola de Familias Numerosas, en su continuo af\u00e1n de beneficiar a sus asociados, ofrece a trav\u00e9s de <strong>UBICA Corredur\u00eda de Seguros<\/strong> los mejores productos y servicios del mercado asegurador a los precios m\u00e1s competitivos. Puedes contratar tu seguro de auto en esta p\u00e1gina web o en el tel\u00e9fono exclusivo para los asociados 902 550 202.<\/p>\n<p>[\/vc_column_text][vc_empty_space][\/vc_column][vc_column width=\u00bb1\/12&#8243;][\/vc_column][\/vc_row][vc_row css_animation=\u00bb\u00bb row_type=\u00bbrow\u00bb use_row_as_full_screen_section=\u00bbno\u00bb type=\u00bbgrid\u00bb anchor=\u00bbCOMPA\u00d1IAS\u00bb in_content_menu=\u00bbin_content_menu\u00bb content_menu_title=\u00bb<\/p>\n<h3>COMPA\u00d1\u00cdAS<\/h3>\n<p>\u00bb content_menu_icon=\u00bbfa-car\u00bb angled_section=\u00bbno\u00bb text_align=\u00bbleft\u00bb background_image_as_pattern=\u00bbwithout_pattern\u00bb background_color=\u00bb#f9f9f9&#8243; padding_top=\u00bb50&#8243; padding_bottom=\u00bb50&#8243;][vc_column][vc_row_inner row_type=\u00bbrow\u00bb type=\u00bbgrid\u00bb text_align=\u00bbleft\u00bb css_animation=\u00bb\u00bb][vc_column_inner][vc_single_image image=\u00bb17327&#8243; img_size=\u00bbfull\u00bb alignment=\u00bbcenter\u00bb qode_css_animation=\u00bb\u00bb][vc_single_image image=\u00bb17356&#8243; img_size=\u00bbfull\u00bb alignment=\u00bbcenter\u00bb qode_css_animation=\u00bb\u00bb][\/vc_column_inner][\/vc_row_inner][\/vc_column][\/vc_row][vc_row css_animation=\u00bb\u00bb row_type=\u00bbrow\u00bb use_row_as_full_screen_section=\u00bbno\u00bb type=\u00bbgrid\u00bb anchor=\u00bbVENTAJAS\u00bb in_content_menu=\u00bbin_content_menu\u00bb content_menu_title=\u00bb<\/p>\n<h3>VENTAJAS<\/h3>\n<p>\u00bb content_menu_icon=\u00bbfa-thumbs-up\u00bb angled_section=\u00bbno\u00bb text_align=\u00bbleft\u00bb background_image_as_pattern=\u00bbwithout_pattern\u00bb background_color=\u00bb#ffffff\u00bb padding_top=\u00bb100&#8243; padding_bottom=\u00bb50&#8243;][vc_column][vc_column_text]<\/p>\n<h5 style=\"text-align: center;\"><span style=\"color: #4aa5ba;\">VENTAJAS <strong>\u00a0<\/strong><\/span><\/h5>\n<p>[\/vc_column_text][vc_separator type=\u00bbtransparent\u00bb up=\u00bb25&#8243; down=\u00bb10&#8243;][vc_empty_space height=\u00bb12px\u00bb][vc_row_inner row_type=\u00bbrow\u00bb type=\u00bbfull_width\u00bb text_align=\u00bbleft\u00bb css_animation=\u00bb\u00bb][vc_column_inner width=\u00bb1\/3&#8243; css=\u00bb.vc_custom_1502800120833{border: 0px dashed #c9c9c9 !important;border-radius: 5px !important;}\u00bb][vc_single_image image=\u00bb16999&#8243; img_size=\u00bb100&#215;100&#8243; alignment=\u00bbcenter\u00bb qode_css_animation=\u00bb\u00bb][vc_column_text]<\/p>\n<h5 style=\"text-align: center;\"><span style=\"color: #4aa5ba;\">Ahorro<\/span><\/h5>\n<p>[\/vc_column_text][vc_separator type=\u00bbsmall\u00bb position=\u00bbcenter\u00bb color=\u00bb#b5b5b5&#8243; width=\u00bb200&#8243; up=\u00bb20&#8243; down=\u00bb20&#8243;][vc_column_text]<\/p>\n<p style=\"text-align: center;\">Tarifas de colectivo, que te permite obtener descuentos de m\u00e1s del 30% con respecto al precio de mercado.<\/p>\n<p>[\/vc_column_text][\/vc_column_inner][vc_column_inner width=\u00bb1\/3&#8243; css=\u00bb.vc_custom_1502800128097{border: 0px dashed #c9c9c9 !important;border-radius: 5px !important;}\u00bb][vc_single_image image=\u00bb16757&#8243; img_size=\u00bb100&#215;100&#8243; alignment=\u00bbcenter\u00bb qode_css_animation=\u00bb\u00bb][vc_column_text]<\/p>\n<h5 style=\"text-align: center;\"><span style=\"color: #4aa5ba;\">Sencillez<\/span><\/h5>\n<p>[\/vc_column_text][vc_separator type=\u00bbsmall\u00bb position=\u00bbcenter\u00bb color=\u00bb#b5b5b5&#8243; width=\u00bb200&#8243; up=\u00bb20&#8243; down=\u00bb20&#8243;][vc_column_text]<\/p>\n<p style=\"text-align: center;\">Un \u00fanico cuestionario. Posibilidad de acceder a las compa\u00f1\u00edas l\u00edderes desde la web, sin perder tiempo.<\/p>\n<p>[\/vc_column_text][\/vc_column_inner][vc_column_inner width=\u00bb1\/3&#8243;][vc_empty_space height=\u00bb36px\u00bb][vc_single_image image=\u00bb16755&#8243; img_size=\u00bb100&#215;100&#8243; alignment=\u00bbcenter\u00bb qode_css_animation=\u00bb\u00bb][vc_column_text]<\/p>\n<h5 style=\"text-align: center;\"><span style=\"color: #4aa5ba;\">Rapidez<\/span><\/h5>\n<p>[\/vc_column_text][vc_separator type=\u00bbsmall\u00bb position=\u00bbcenter\u00bb color=\u00bb#b5b5b5&#8243; width=\u00bb200&#8243; up=\u00bb20&#8243; down=\u00bb20&#8243;][vc_column_text]<\/p>\n<p style=\"text-align: center;\">En menos de 1 minuto dispondr\u00e1s de una amplia oferta seleccionada para ti.<\/p>\n<p>[\/vc_column_text][\/vc_column_inner][\/vc_row_inner][vc_row_inner row_type=\u00bbrow\u00bb type=\u00bbfull_width\u00bb text_align=\u00bbleft\u00bb css_animation=\u00bb\u00bb][vc_column_inner width=\u00bb1\/3&#8243; css=\u00bb.vc_custom_1502800054273{border: 0px dashed #c9c9c9 !important;border-radius: 5px !important;}\u00bb][vc_single_image image=\u00bb16756&#8243; img_size=\u00bb100&#215;100&#8243; alignment=\u00bbcenter\u00bb qode_css_animation=\u00bb\u00bb][vc_column_text]<\/p>\n<h5 style=\"text-align: center;\"><span style=\"color: #4aa5ba;\">Flexibilidad<\/span><\/h5>\n<p>[\/vc_column_text][vc_separator type=\u00bbsmall\u00bb position=\u00bbcenter\u00bb color=\u00bb#b5b5b5&#8243; width=\u00bb200&#8243; up=\u00bb20&#8243; down=\u00bb20&#8243;][vc_column_text]<\/p>\n<p style=\"text-align: center;\">Presentaci\u00f3n de primas y coberturas mediante cuadro comparativo. Adem\u00e1s del precio, podr\u00e1s comprobar los l\u00edmites de cada una de las garant\u00edas que contratas, para pagar por aquello que necesitas.<br \/>\n<span style=\"color: #ffffff;\">.<\/span><\/p>\n<p>[\/vc_column_text][\/vc_column_inner][vc_column_inner width=\u00bb1\/3&#8243; css=\u00bb.vc_custom_1502800693133{border-radius: 5px !important;}\u00bb][vc_single_image image=\u00bb17006&#8243; img_size=\u00bb100&#215;100&#8243; alignment=\u00bbcenter\u00bb qode_css_animation=\u00bb\u00bb][vc_column_text]<\/p>\n<h5 style=\"text-align: center;\"><span style=\"color: #4aa5ba;\">Tranquilidad<\/span><\/h5>\n<p>[\/vc_column_text][vc_separator type=\u00bbsmall\u00bb position=\u00bbcenter\u00bb color=\u00bb#b5b5b5&#8243; width=\u00bb200&#8243; up=\u00bb20&#8243; down=\u00bb20&#8243;][vc_column_text]<\/p>\n<p style=\"text-align: center;\">Contamos con una experiencia de m\u00e1s de 30 a\u00f1os en el mercado asegurador y m\u00e1s de 16.000 clientes que disfrutan del mejor servicio y la m\u00e1xima calidad de atenci\u00f3n.<\/p>\n<p>[\/vc_column_text][\/vc_column_inner][vc_column_inner width=\u00bb1\/3&#8243;][vc_empty_space height=\u00bb36px\u00bb][vc_single_image image=\u00bb16998&#8243; img_size=\u00bb100&#215;100&#8243; alignment=\u00bbcenter\u00bb qode_css_animation=\u00bb\u00bb][vc_column_text]<\/p>\n<h5 style=\"text-align: center;\"><span style=\"color: #4aa5ba;\">Asesoramiento<\/span><\/h5>\n<p>[\/vc_column_text][vc_separator type=\u00bbsmall\u00bb position=\u00bbcenter\u00bb color=\u00bb#b5b5b5&#8243; width=\u00bb200&#8243; up=\u00bb20&#8243; down=\u00bb20&#8243;][vc_column_text]<\/p>\n<p style=\"text-align: center;\">Llamando al 902 998 112 te asesoraremos y guiaremos en el proceso de contrataci\u00f3n.<\/p>\n<p>[\/vc_column_text][\/vc_column_inner][\/vc_row_inner][\/vc_column][\/vc_row]<\/p>\n","protected":false},"excerpt":{"rendered":"<p>[vc_row css_animation=\u00bb\u00bb row_type=\u00bbrow\u00bb use_row_as_full_screen_section=\u00bbno\u00bb type=\u00bbfull_width\u00bb angled_section=\u00bbno\u00bb text_align=\u00bbleft\u00bb background_image_as_pattern=\u00bbwithout_pattern\u00bb background_color=\u00bb#4aa5ba\u00bb][vc_column][vc_row_inner row_type=\u00bbrow\u00bb type=\u00bbfull_width\u00bb text_align=\u00bbleft\u00bb css_animation=\u00bb\u00bb css=\u00bb.vc_custom_1506293977153{padding-top: 15px !important;padding-bottom: 15px !important;}\u00bb][vc_column_inner width=\u00bb1\/4&#8243;][\/vc_column_inner][vc_column_inner width=\u00bb1\/2&#8243;][vc_column_text] SEGURO DE DECESOS [\/vc_column_text][\/vc_column_inner][vc_column_inner width=\u00bb1\/4&#8243;][\/vc_column_inner][\/vc_row_inner][\/vc_column][\/vc_row][vc_row css_animation=\u00bb\u00bb row_type=\u00bbrow\u00bb use_row_as_full_screen_section=\u00bbno\u00bb type=\u00bbfull_width\u00bb anchor=\u00bbCONTACTO\u00bb in_content_menu=\u00bbin_content_menu\u00bb content_menu_title=\u00bb CONTACTO \u00bb content_menu_icon=\u00bbfa-phone\u00bb angled_section=\u00bbno\u00bb text_align=\u00bbleft\u00bb background_image=\u00bb17303&#8243; background_image_as_pattern=\u00bbwithout_pattern\u00bb background_color=\u00bb#eaeaea\u00bb padding_top=\u00bb50&#8243; padding_bottom=\u00bb50&#8243;][vc_column][vc_row_inner row_type=\u00bbrow\u00bb type=\u00bbgrid\u00bb text_align=\u00bbleft\u00bb&#8230;<\/p>\n","protected":false},"author":1,"featured_media":0,"parent":0,"menu_order":0,"comment_status":"closed","ping_status":"closed","template":"full_width.php","meta":[],"_links":{"self":[{"href":"https:\/\/colectivosubica.com\/familiamassegura\/wp-json\/wp\/v2\/pages\/17285"}],"collection":[{"href":"https:\/\/colectivosubica.com\/familiamassegura\/wp-json\/wp\/v2\/pages"}],"about":[{"href":"https:\/\/colectivosubica.com\/familiamassegura\/wp-json\/wp\/v2\/types\/page"}],"author":[{"embeddable":true,"href":"https:\/\/colectivosubica.com\/familiamassegura\/wp-json\/wp\/v2\/users\/1"}],"replies":[{"embeddable":true,"href":"https:\/\/colectivosubica.com\/familiamassegura\/wp-json\/wp\/v2\/comments?post=17285"}],"version-history":[{"count":7,"href":"https:\/\/colectivosubica.com\/familiamassegura\/wp-json\/wp\/v2\/pages\/17285\/revisions"}],"predecessor-version":[{"id":17385,"href":"https:\/\/colectivosubica.com\/familiamassegura\/wp-json\/wp\/v2\/pages\/17285\/revisions\/17385"}],"wp:attachment":[{"href":"https:\/\/colectivosubica.com\/familiamassegura\/wp-json\/wp\/v2\/media?parent=17285"}],"curies":[{"name":"wp","href":"https:\/\/api.w.org\/{rel}","templated":true}]}}